{"id":429,"date":"2025-03-20T21:28:47","date_gmt":"2025-03-20T21:28:47","guid":{"rendered":"https:\/\/anafuenmayorgarces.com\/?page_id=429"},"modified":"2026-03-26T22:57:44","modified_gmt":"2026-03-26T22:57:44","slug":"politica-de-cookies","status":"publish","type":"page","link":"https:\/\/anafuenmayorgarces.com\/ca\/politica-de-cookies\/","title":{"rendered":"Pol\u00edtica de Cookies"},"content":{"rendered":"<div data-elementor-type=\"wp-page\" data-elementor-id=\"429\" class=\"elementor elementor-429\" data-elementor-post-type=\"page\">\n\t\t\t\t<div class=\"elementor-element elementor-element-227aa6e e-flex e-con-boxed e-con e-parent\" data-id=\"227aa6e\" data-element_type=\"container\" data-e-type=\"container\">\n\t\t\t\t\t<div class=\"e-con-inner\">\n\t\t\t\t<div class=\"elementor-element elementor-element-11d502f elementor-widget elementor-widget-heading\" data-id=\"11d502f\" data-element_type=\"widget\" data-e-type=\"widget\" data-widget_type=\"heading.default\">\n\t\t\t\t<div class=\"elementor-widget-container\">\n\t\t\t\t\t<h1 class=\"elementor-heading-title elementor-size-default\">Pol\u00edtica de Cookies<\/h1>\t\t\t\t<\/div>\n\t\t\t\t<\/div>\n\t\t\t\t\t<\/div>\n\t\t\t\t<\/div>\n\t\t<div class=\"elementor-element elementor-element-132a7a6 e-flex e-con-boxed e-con e-parent\" data-id=\"132a7a6\" data-element_type=\"container\" data-e-type=\"container\">\n\t\t\t\t\t<div class=\"e-con-inner\">\n\t\t\t\t<div class=\"elementor-element elementor-element-b83ab21 elementor-widget elementor-widget-text-editor\" data-id=\"b83ab21\" data-element_type=\"widget\" data-e-type=\"widget\" data-widget_type=\"text-editor.default\">\n\t\t\t\t<div class=\"elementor-widget-container\">\n\t\t\t\t\t\t\t\t\t<p class=\"translation-block\">A <strong>anafuenmayorgarces.com<\/strong> utilitzem cookies per millorar la teva experi\u00e8ncia al nostre lloc web. A continuaci\u00f3, t\u2019expliquem qu\u00e8 s\u00f3n les cookies, com les utilitzem i com pots gestionar-les.<\/p><h4><strong>1. Qu\u00e8 s\u00f3n les cookies?<\/strong><\/h4><p>Les cookies s\u00f3n petits arxius de text que s\u2019emmagatzemen al teu dispositiu quan visites una p\u00e0gina web. Aquestes cookies permeten que el lloc web recordi les teves accions i prefer\u00e8ncies (com l\u2019inici de sessi\u00f3, l\u2019idioma, la mida de la lletra i altres prefer\u00e8ncies de visualitzaci\u00f3) durant un per\u00edode de temps determinat, perqu\u00e8 no hagis de tornar a configurar-les cada vegada que tornes al lloc o navegues d\u2019una p\u00e0gina a una altra.<\/p><h4><strong>2. Quins tipus de cookies utilitzem?<\/strong><\/h4><p class=\"translation-block\">A <strong>anafuenmayorgarces.com<\/strong>, utilitzem els seg\u00fcents tipus de cookies:<\/p><ul><li><p class=\"translation-block\"><strong>Cookies necess\u00e0ries<\/strong>: S\u00f3n essencials per al funcionament del lloc web. Sense aquestes cookies, el lloc no funcionaria correctament, per la qual cosa no es poden desactivar.<\/p><\/li><li><p class=\"translation-block\"><strong>Cookies de prefer\u00e8ncia<\/strong>: Permeten recordar les teves prefer\u00e8ncies (com l\u2019idioma o la regi\u00f3 en qu\u00e8 et trobes) per oferir-te una experi\u00e8ncia m\u00e9s personalitzada.<\/p><\/li><li><p class=\"translation-block\"><strong>Cookies anal\u00edtiques<\/strong>: Recullen informaci\u00f3 sobre com els visitants utilitzen el lloc web, com les p\u00e0gines que m\u00e9s visiten o si reben missatges d\u2019error. Aquestes cookies no recopilen informaci\u00f3 que identifiqui un visitant. Tota la informaci\u00f3 que recullen \u00e9s agregada i, per tant, an\u00f2nima. Aquestes cookies s\u2019utilitzen nom\u00e9s per millorar el funcionament del lloc web.<\/p><\/li><li><p class=\"translation-block\"><strong>Cookies de m\u00e0rqueting<\/strong>: S\u2019utilitzen per rastrejar els visitants en els llocs web. El seu objectiu \u00e9s mostrar anuncis rellevants i atractius per a l\u2019usuari individual i, per tant, m\u00e9s valuosos per als editors i tercers anunciants.<\/p><\/li><\/ul><h4><strong>3. Com pots gestionar les cookies?<\/strong><\/h4><p>Pots controlar i\/o eliminar les cookies com desitgis. Pots eliminar totes les cookies que ja estan al teu dispositiu i configurar la majoria dels navegadors perqu\u00e8 no s\u2019instal\u00b7lin. Tanmateix, si ho fas, \u00e9s possible que hagis d\u2019ajustar manualment algunes prefer\u00e8ncies cada vegada que visitis un lloc i que alguns serveis i funcionalitats no funcionin correctament.<\/p><p>Per gestionar les cookies, pots seguir les instruccions espec\u00edfiques per a cada navegador:<\/p><ul><li class=\"translation-block\"><strong>Google Chrome<\/strong>:&nbsp;<a target=\"_new\" rel=\"noopener\">Configura cookies en Chrome<\/a><\/li><li class=\"translation-block\"><strong>Mozilla Firefox<\/strong>:&nbsp;<a href=\"https:\/\/support.mozilla.org\/es\/kb\/habilitar-y-deshabilitar-cookies-sitios-web-rastrear-preferencias\" target=\"_new\" rel=\"noopener\">Configura cookies en Firefox<\/a><\/li><li><strong>Safari<\/strong>:\u00a0<a href=\"https:\/\/support.apple.com\/es-es\/guide\/safari\/sfri11471\/mac\" target=\"_new\" rel=\"noopener\">Configura cookies en Safari<\/a><\/li><li><strong>Microsoft Edge<\/strong>:\u00a0<a href=\"https:\/\/support.microsoft.com\/es-es\/microsoft-edge\/eliminar-y-administrar-cookies-168dab11-0753-043d-7c16-ede5947fc64d\" target=\"_new\" rel=\"noopener\">Configura cookies en Edge<\/a><\/li><\/ul><h4><strong>4. Canvis en la Pol\u00edtica de Cookies<\/strong><\/h4><p>Podem actualitzar la nostra Pol\u00edtica de Cookies per reflectir canvis en les nostres pr\u00e0ctiques o en la normativa vigent. Qualsevol canvi en aquesta pol\u00edtica es publicar\u00e0 en aquesta p\u00e0gina i entrar\u00e0 en vigor en el moment de la seva publicaci\u00f3.<\/p><h4><strong>5. Contacte<\/strong><\/h4><p>Si tens alguna pregunta sobre la nostra Pol\u00edtica de Cookies, no dubtis a contactar-nos a trav\u00e9s de\u00a0<a href=\"mailto:info@anafuenmayorgarces.com\"><b>info@anafuenmayorgarces.com<\/b><\/a><\/p>\t\t\t\t\t\t\t\t<\/div>\n\t\t\t\t<\/div>\n\t\t\t\t\t<\/div>\n\t\t\t\t<\/div>\n\t\t\t\t<\/div>","protected":false},"excerpt":{"rendered":"<p>Pol\u00edtica de Cookies En\u00a0anafuenmayorgarces.com\u00a0utilizamos cookies para mejorar tu experiencia en nuestro sitio web. A continuaci\u00f3n, te explicamos qu\u00e9 son las cookies, c\u00f3mo las utilizamos y c\u00f3mo puedes gestionarlas. 1. \u00bfQu\u00e9 son las Cookies? Las cookies son peque\u00f1os archivos de texto que se almacenan en tu dispositivo cuando visitas una p\u00e1gina web. Estas cookies permiten que [&hellip;]<\/p>\n","protected":false},"author":1,"featured_media":0,"parent":0,"menu_order":0,"comment_status":"closed","ping_status":"closed","template":"","meta":{"inline_featured_image":false,"footnotes":""},"class_list":["post-429","page","type-page","status-publish","hentry"],"_links":{"self":[{"href":"https:\/\/anafuenmayorgarces.com\/ca\/wp-json\/wp\/v2\/pages\/429","targetHints":{"allow":["GET"]}}],"collection":[{"href":"https:\/\/anafuenmayorgarces.com\/ca\/wp-json\/wp\/v2\/pages"}],"about":[{"href":"https:\/\/anafuenmayorgarces.com\/ca\/wp-json\/wp\/v2\/types\/page"}],"author":[{"embeddable":true,"href":"https:\/\/anafuenmayorgarces.com\/ca\/wp-json\/wp\/v2\/users\/1"}],"replies":[{"embeddable":true,"href":"https:\/\/anafuenmayorgarces.com\/ca\/wp-json\/wp\/v2\/comments?post=429"}],"version-history":[{"count":10,"href":"https:\/\/anafuenmayorgarces.com\/ca\/wp-json\/wp\/v2\/pages\/429\/revisions"}],"predecessor-version":[{"id":995,"href":"https:\/\/anafuenmayorgarces.com\/ca\/wp-json\/wp\/v2\/pages\/429\/revisions\/995"}],"wp:attachment":[{"href":"https:\/\/anafuenmayorgarces.com\/ca\/wp-json\/wp\/v2\/media?parent=429"}],"curies":[{"name":"wp","href":"https:\/\/api.w.org\/{rel}","templated":true}]}}