{"id":424,"date":"2025-03-19T07:54:38","date_gmt":"2025-03-19T07:54:38","guid":{"rendered":"https:\/\/anafuenmayorgarces.com\/?page_id=424"},"modified":"2026-03-26T23:00:38","modified_gmt":"2026-03-26T23:00:38","slug":"politica-de-privacidad","status":"publish","type":"page","link":"https:\/\/anafuenmayorgarces.com\/ca\/politica-de-privacidad\/","title":{"rendered":"Pol\u00edtica de Privacitat"},"content":{"rendered":"<div data-elementor-type=\"wp-page\" data-elementor-id=\"424\" class=\"elementor elementor-424\" data-elementor-post-type=\"page\">\n\t\t\t\t<div class=\"elementor-element elementor-element-227aa6e e-flex e-con-boxed e-con e-parent\" data-id=\"227aa6e\" data-element_type=\"container\" data-e-type=\"container\">\n\t\t\t\t\t<div class=\"e-con-inner\">\n\t\t\t\t<div class=\"elementor-element elementor-element-11d502f elementor-widget elementor-widget-heading\" data-id=\"11d502f\" data-element_type=\"widget\" data-e-type=\"widget\" data-widget_type=\"heading.default\">\n\t\t\t\t<div class=\"elementor-widget-container\">\n\t\t\t\t\t<h1 class=\"elementor-heading-title elementor-size-default\">Pol\u00edtica de Privacitat<\/h1>\t\t\t\t<\/div>\n\t\t\t\t<\/div>\n\t\t\t\t\t<\/div>\n\t\t\t\t<\/div>\n\t\t<div class=\"elementor-element elementor-element-132a7a6 e-flex e-con-boxed e-con e-parent\" data-id=\"132a7a6\" data-element_type=\"container\" data-e-type=\"container\">\n\t\t\t\t\t<div class=\"e-con-inner\">\n\t\t\t\t<div class=\"elementor-element elementor-element-b83ab21 elementor-widget elementor-widget-text-editor\" data-id=\"b83ab21\" data-element_type=\"widget\" data-e-type=\"widget\" data-widget_type=\"text-editor.default\">\n\t\t\t\t<div class=\"elementor-widget-container\">\n\t\t\t\t\t\t\t\t\t<p class=\"translation-block\">A <strong>anafuenmayorgarces.com<\/strong>, ens comprometem a protegir i respectar la teva privacitat. Aquesta Pol\u00edtica de Privacitat explica com recopilem, utilitzem i protegim la teva informaci\u00f3 personal quan visites la nostra p\u00e0gina web.<\/p><h4><strong>1.Informaci\u00f3 que recopilem<\/strong><\/h4><p>En utilitzar els nostres formularis de contacte o interactuar amb la nostra p\u00e0gina web, podem recopilar les seg\u00fcents dades personals:<\/p><ul><li>Nom<\/li><li>Direcci\u00f3 de e-mail<\/li><li>Qualsevol altra informaci\u00f3 que decideixis proporcionar-nos en els formularis de contacte<\/li><\/ul><h4><strong>2. Com utilitzem la teva informaci\u00f3<\/strong><\/h4><p>La informaci\u00f3 que recopilem s\u2019utilitza per als seg\u00fcents fins:<\/p><ul><li>Respondre a les teves consultes o sol\u00b7licituds a trav\u00e9s dels nostres formularis de contacte.<\/li><li>Enviar-te informaci\u00f3 o comunicacions relacionades amb els nostres serveis, sempre que hagis donat el teu consentiment.<\/li><li>Millorar la nostra web i l\u2019experi\u00e8ncia d\u2019usuari.<\/li><\/ul><h4><strong>3. Compartir informaci\u00f3 amb tercers<\/strong><\/h4><p>No compartim, venem ni cedim les teves dades personals a tercers, excepte quan sigui necessari per complir amb obligacions legals o respondre a requeriments de les autoritats competents.<\/p><h4><strong>4. Protecci\u00f3 de la teva informaci\u00f3<\/strong><\/h4><p>Implementem mesures t\u00e8cniques i organitzatives adequades per protegir les teves dades personals contra l\u2019acc\u00e9s no autoritzat, l\u2019alteraci\u00f3, la divulgaci\u00f3 o la destrucci\u00f3.<\/p><h4><strong>5. Drets de l\u2019usuari<\/strong><\/h4><p class=\"translation-block\">Tens dret a accedir, rectificar, eliminar o restringir l\u2019\u00fas de les teves dades personals. Tamb\u00e9 pots retirar el teu consentiment en qualsevol moment per a l\u2019\u00fas de les teves dades. Per exercir aquests drets, pots posar-te en contacte amb nosaltres a trav\u00e9s del correu electr\u00f2nic <b>info@anafuenmayorgarces.com\n<\/b><\/p><h4><strong>6. Cookies<\/strong><\/h4><p class=\"translation-block\">La nostra p\u00e0gina web utilitza cookies per millorar l\u2019experi\u00e8ncia d\u2019usuari. Per a m\u00e9s informaci\u00f3 sobre l\u2019\u00fas de cookies, si us plau revisa la nostra <strong>Pol\u00edtica de Cookies<\/strong>.<\/p><h4><strong>7. Canvis en la Pol\u00edtica de Privacitat<\/strong><\/h4><p>Podem actualitzar aquesta Pol\u00edtica de Privacitat de tant en tant. Et notificarem qualsevol canvi publicant la nova pol\u00edtica en aquesta mateixa p\u00e0gina. Et recomanem revisar-la peri\u00f2dicament per estar informat sobre com protegim la teva informaci\u00f3.<\/p><h4><strong>8. Contacte<\/strong><\/h4><p class=\"translation-block\">Si tens alguna pregunta o inquietud sobre la nostra Pol\u00edtica de Privacitat, pots contactar-nos a <b>info@anafuenmayorgarces.com\n<\/b><\/p>\t\t\t\t\t\t\t\t<\/div>\n\t\t\t\t<\/div>\n\t\t\t\t\t<\/div>\n\t\t\t\t<\/div>\n\t\t\t\t<\/div>","protected":false},"excerpt":{"rendered":"<p>Pol\u00edtica de Privacidad En anafuenmayorgarces.com, nos comprometemos a proteger y respetar tu privacidad. Esta Pol\u00edtica de Privacidad explica c\u00f3mo recopilamos, utilizamos y protegemos tu informaci\u00f3n personal cuando visitas nuestra p\u00e1gina web. 1. Informaci\u00f3n que Recopilamos Al utilizar nuestros formularios de contacto o interactuar con nuestra p\u00e1gina web, podemos recopilar los siguientes datos personales: Nombre Direcci\u00f3n [&hellip;]<\/p>\n","protected":false},"author":1,"featured_media":0,"parent":0,"menu_order":0,"comment_status":"closed","ping_status":"closed","template":"","meta":{"inline_featured_image":false,"footnotes":""},"class_list":["post-424","page","type-page","status-publish","hentry"],"_links":{"self":[{"href":"https:\/\/anafuenmayorgarces.com\/ca\/wp-json\/wp\/v2\/pages\/424","targetHints":{"allow":["GET"]}}],"collection":[{"href":"https:\/\/anafuenmayorgarces.com\/ca\/wp-json\/wp\/v2\/pages"}],"about":[{"href":"https:\/\/anafuenmayorgarces.com\/ca\/wp-json\/wp\/v2\/types\/page"}],"author":[{"embeddable":true,"href":"https:\/\/anafuenmayorgarces.com\/ca\/wp-json\/wp\/v2\/users\/1"}],"replies":[{"embeddable":true,"href":"https:\/\/anafuenmayorgarces.com\/ca\/wp-json\/wp\/v2\/comments?post=424"}],"version-history":[{"count":7,"href":"https:\/\/anafuenmayorgarces.com\/ca\/wp-json\/wp\/v2\/pages\/424\/revisions"}],"predecessor-version":[{"id":1001,"href":"https:\/\/anafuenmayorgarces.com\/ca\/wp-json\/wp\/v2\/pages\/424\/revisions\/1001"}],"wp:attachment":[{"href":"https:\/\/anafuenmayorgarces.com\/ca\/wp-json\/wp\/v2\/media?parent=424"}],"curies":[{"name":"wp","href":"https:\/\/api.w.org\/{rel}","templated":true}]}}