{"id":419,"date":"2025-03-19T07:47:10","date_gmt":"2025-03-19T07:47:10","guid":{"rendered":"https:\/\/anafuenmayorgarces.com\/?page_id=419"},"modified":"2026-03-26T22:59:12","modified_gmt":"2026-03-26T22:59:12","slug":"aviso-legal","status":"publish","type":"page","link":"https:\/\/anafuenmayorgarces.com\/ca\/aviso-legal\/","title":{"rendered":"Av\u00eds Legal"},"content":{"rendered":"<div data-elementor-type=\"wp-page\" data-elementor-id=\"419\" class=\"elementor elementor-419\" data-elementor-post-type=\"page\">\n\t\t\t\t<div class=\"elementor-element elementor-element-227aa6e e-flex e-con-boxed e-con e-parent\" data-id=\"227aa6e\" data-element_type=\"container\" data-e-type=\"container\">\n\t\t\t\t\t<div class=\"e-con-inner\">\n\t\t\t\t<div class=\"elementor-element elementor-element-11d502f elementor-widget elementor-widget-heading\" data-id=\"11d502f\" data-element_type=\"widget\" data-e-type=\"widget\" data-widget_type=\"heading.default\">\n\t\t\t\t<div class=\"elementor-widget-container\">\n\t\t\t\t\t<h1 class=\"elementor-heading-title elementor-size-default\">Av\u00eds Legal<\/h1>\t\t\t\t<\/div>\n\t\t\t\t<\/div>\n\t\t\t\t\t<\/div>\n\t\t\t\t<\/div>\n\t\t<div class=\"elementor-element elementor-element-132a7a6 e-flex e-con-boxed e-con e-parent\" data-id=\"132a7a6\" data-element_type=\"container\" data-e-type=\"container\">\n\t\t\t\t\t<div class=\"e-con-inner\">\n\t\t\t\t<div class=\"elementor-element elementor-element-b83ab21 elementor-widget elementor-widget-text-editor\" data-id=\"b83ab21\" data-element_type=\"widget\" data-e-type=\"widget\" data-widget_type=\"text-editor.default\">\n\t\t\t\t<div class=\"elementor-widget-container\">\n\t\t\t\t\t\t\t\t\t<p class=\"translation-block\">Benvingut\/da a <strong>anafuenmayorgarces.com<\/strong>. Aquest Av\u00eds Legal regula l\u2019acc\u00e9s i l\u2019\u00fas d\u2019aquesta p\u00e0gina web. En accedir i utilitzar aquest lloc, acceptes les condicions establertes en aquest document.<\/p><h4><strong>1. Identificaci\u00f3 del titular<\/strong><\/h4><p>En compliment de la Llei de Serveis de la Societat de la Informaci\u00f3 i de Comer\u00e7 Electr\u00f2nic (LSSI-CE), s\u2019informa que el titular d\u2019aquesta p\u00e0gina web \u00e9s:<\/p><ul><li class=\"translation-block\"><strong>Nom o ra\u00f3 social<\/strong>: Ana Fuenmayor Garc\u00e9s<\/li><li><strong>CIF\/NIF<\/strong>: 47632863R<\/li><li class=\"translation-block\"><strong>Correu electr\u00f2nic<\/strong>: info<a rel=\"noopener\" target=\"_self\">@anafuenmayorgarces.com<\/a><\/li><\/ul><h4><strong>2. Condicions d\u2019\u00fas<\/strong><\/h4><p class=\"translation-block\">L\u2019acc\u00e9s i la navegaci\u00f3 a <strong>anafuenmayorgarces.com<\/strong> i l\u2019\u00fas dels seus serveis implica l\u2019acceptaci\u00f3 dels termes i condicions establerts en aquest Av\u00eds Legal. Si no est\u00e0s d\u2019acord amb els termes, et demanem que no utilitzis el lloc.<\/p><h4><strong>3. Propietat intel\u00b7lectual i industrial<\/strong><\/h4><p class=\"translation-block\">Tots els continguts d\u2019aquest lloc web, incloent textos, imatges, gr\u00e0fics, logotips, icones, botons, programari, noms comercials, marques o qualsevol altre signe susceptible d\u2019utilitzaci\u00f3 industrial i comercial, estan protegits per drets de propietat intel\u00b7lectual i industrial dels quals <strong>anafuenmayorgarces.com<\/strong> \u00e9s titular o t\u00e9 llic\u00e8ncia d\u2019\u00fas.<\/p><p>Queda prohibida la reproducci\u00f3, distribuci\u00f3, modificaci\u00f3, comunicaci\u00f3 p\u00fablica o qualsevol altre acte que no haja estat expressament autoritzat per escrit pel titular dels drets d\u2019explotaci\u00f3.<\/p><h4><strong>4. Responsabilitat<\/strong><\/h4><p class=\"translation-block\"><strong>anafuenmayorgarces.com<\/strong> no es fa responsable dels danys o perjudicis que puguen derivar-se de l\u2019acc\u00e9s o \u00fas de la web, incloent, per\u00f2 no limitat a, aquells produ\u00efts en sistemes inform\u00e0tics o els provocats per virus o activitats il\u00b7l\u00edcites de hackers.<\/p><p>No obstant aix\u00f2, ens comprometem a realitzar tots els esfor\u00e7os necessaris per garantir el funcionament adequat del lloc web i evitar qualsevol tipus de risc.<\/p><h4><strong>5. Enlla\u00e7os a tercers<\/strong><\/h4><p class=\"translation-block\">Aquest lloc web pot contenir enlla\u00e7os a p\u00e0gines externes. <strong>anafuenmayorgarces.com<\/strong> no es responsabilitza dels continguts ni de qualsevol altre aspecte relacionat amb aquests llocs web externs. La inclusi\u00f3 d\u2019aquests enlla\u00e7os no implica cap mena d\u2019associaci\u00f3 o relaci\u00f3 amb les entitats enlla\u00e7ades.<\/p><h4><strong>6. Legislaci\u00f3 aplicable i jurisdicci\u00f3<\/strong><\/h4><p>El present Av\u00eds Legal es regeix per la legislaci\u00f3 espanyola. Per a la resoluci\u00f3 de qualsevol controv\u00e8rsia que puga sorgir en relaci\u00f3 amb l\u2019\u00fas de la web, les parts acorden sotmetre\u2019s als tribunals de la ciutat de Barcelona, renunciant expressament a qualsevol altre fur que els poguera correspondre.<\/p><h4><strong>7. Modificacions de l\u2019Av\u00eds Legal<\/strong><\/h4><p class=\"translation-block\"><strong>anafuenmayorgarces.com<\/strong> es reserva el dret de modificar el present Av\u00eds Legal per adaptar-lo a futures novetats legislatives o jurisprudencials, aix\u00ed com a pr\u00e0ctiques del sector. Qualsevol canvi ser\u00e0 notificat als usuaris en aquesta mateixa p\u00e0gina.<\/p>\t\t\t\t\t\t\t\t<\/div>\n\t\t\t\t<\/div>\n\t\t\t\t\t<\/div>\n\t\t\t\t<\/div>\n\t\t\t\t<\/div>","protected":false},"excerpt":{"rendered":"<p>Aviso Legal Bienvenido a anafuenmayorgarces.com\u00a0Este Aviso Legal regula el acceso y uso de esta p\u00e1gina web. Al acceder y utilizar este sitio, aceptas las condiciones establecidas en este documento. 1. Identificaci\u00f3n del Titular En cumplimiento con la Ley de Servicios de la Sociedad de la Informaci\u00f3n y de Comercio Electr\u00f3nico (LSSI-CE), se informa que el [&hellip;]<\/p>\n","protected":false},"author":1,"featured_media":0,"parent":0,"menu_order":0,"comment_status":"closed","ping_status":"closed","template":"","meta":{"inline_featured_image":false,"footnotes":""},"class_list":["post-419","page","type-page","status-publish","hentry"],"_links":{"self":[{"href":"https:\/\/anafuenmayorgarces.com\/ca\/wp-json\/wp\/v2\/pages\/419","targetHints":{"allow":["GET"]}}],"collection":[{"href":"https:\/\/anafuenmayorgarces.com\/ca\/wp-json\/wp\/v2\/pages"}],"about":[{"href":"https:\/\/anafuenmayorgarces.com\/ca\/wp-json\/wp\/v2\/types\/page"}],"author":[{"embeddable":true,"href":"https:\/\/anafuenmayorgarces.com\/ca\/wp-json\/wp\/v2\/users\/1"}],"replies":[{"embeddable":true,"href":"https:\/\/anafuenmayorgarces.com\/ca\/wp-json\/wp\/v2\/comments?post=419"}],"version-history":[{"count":11,"href":"https:\/\/anafuenmayorgarces.com\/ca\/wp-json\/wp\/v2\/pages\/419\/revisions"}],"predecessor-version":[{"id":998,"href":"https:\/\/anafuenmayorgarces.com\/ca\/wp-json\/wp\/v2\/pages\/419\/revisions\/998"}],"wp:attachment":[{"href":"https:\/\/anafuenmayorgarces.com\/ca\/wp-json\/wp\/v2\/media?parent=419"}],"curies":[{"name":"wp","href":"https:\/\/api.w.org\/{rel}","templated":true}]}}